{"id":275,"date":"2024-01-11T03:24:31","date_gmt":"2024-01-11T03:24:31","guid":{"rendered":"https:\/\/daherarquitectos.com\/?page_id=275"},"modified":"2024-01-16T23:26:10","modified_gmt":"2024-01-16T23:26:10","slug":"01-3-american-airlines-call-center","status":"publish","type":"page","link":"https:\/\/daherarquitectos.com\/?page_id=275","title":{"rendered":"01-3 AMERICAN AIRLINES CALL CENTER"},"content":{"rendered":"<p>[et_pb_section fb_built=\u00bb1&#8243; _builder_version=\u00bb4.23.1&#8243; _module_preset=\u00bbdefault\u00bb background_image=\u00bbhttps:\/\/daherarquitectos.com\/wp-content\/uploads\/2023\/11\/FONDO-CONTACTO-1.png\u00bb global_colors_info=\u00bb{}\u00bb][et_pb_row _builder_version=\u00bb4.23.1&#8243; _module_preset=\u00bbdefault\u00bb global_colors_info=\u00bb{}\u00bb][et_pb_column type=\u00bb4_4&#8243; _builder_version=\u00bb4.23.1&#8243; _module_preset=\u00bbdefault\u00bb global_colors_info=\u00bb{}\u00bb][et_pb_heading title=\u00bbCALL CENTER, DOS PATIOS POLANCO\u00bb _builder_version=\u00bb4.23.1&#8243; _module_preset=\u00bbdefault\u00bb title_font=\u00bb||||||||\u00bb title_text_color=\u00bb#FFFFFF\u00bb title_font_size=\u00bb20px\u00bb title_letter_spacing=\u00bb15px\u00bb hover_enabled=\u00bb0&#8243; global_colors_info=\u00bb{}\u00bb title_font_size_last_edited=\u00bbon|phone\u00bb title_letter_spacing_last_edited=\u00bbon|phone\u00bb title_line_height_last_edited=\u00bbon|phone\u00bb title_font_size_phone=\u00bb16px\u00bb title_letter_spacing_phone=\u00bb12px\u00bb title_line_height_phone=\u00bb1.4em\u00bb sticky_enabled=\u00bb0&#8243; title_font_size_tablet=\u00bb20px\u00bb title_letter_spacing_tablet=\u00bb15px\u00bb][\/et_pb_heading][\/et_pb_column][\/et_pb_row][et_pb_row column_structure=\u00bb2_3,1_3&#8243; _builder_version=\u00bb4.23.1&#8243; _module_preset=\u00bbdefault\u00bb custom_padding=\u00bb3px||5px|||\u00bb global_colors_info=\u00bb{}\u00bb][et_pb_column type=\u00bb2_3&#8243; _builder_version=\u00bb4.23.1&#8243; _module_preset=\u00bbdefault\u00bb global_colors_info=\u00bb{}\u00bb][et_pb_gallery gallery_ids=\u00bb277,278,279,280,281&#8243; fullwidth=\u00bbon\u00bb _builder_version=\u00bb4.23.1&#8243; _module_preset=\u00bbdefault\u00bb global_colors_info=\u00bb{}\u00bb][\/et_pb_gallery][\/et_pb_column][et_pb_column type=\u00bb1_3&#8243; _builder_version=\u00bb4.23.1&#8243; _module_preset=\u00bbdefault\u00bb global_colors_info=\u00bb{}\u00bb][et_pb_text _builder_version=\u00bb4.23.1&#8243; _module_preset=\u00bbdefault\u00bb text_font=\u00bbAbel||||||||\u00bb text_text_color=\u00bb#E02B20&#8243; text_font_size=\u00bb12px\u00bb text_letter_spacing=\u00bb6px\u00bb header_2_text_color=\u00bb#FFFFFF\u00bb header_2_font_size=\u00bb16px\u00bb header_2_letter_spacing=\u00bb5px\u00bb custom_margin=\u00bb164px||9px|||\u00bb hover_enabled=\u00bb0&#8243; global_colors_info=\u00bb{}\u00bb custom_margin_last_edited=\u00bbon|phone\u00bb custom_margin_phone=\u00bb0px||||false|false\u00bb sticky_enabled=\u00bb0&#8243; custom_margin_tablet=\u00bb164px||9px|||\u00bb]<\/p>\n<p>CLIENTE<\/p>\n<h2>AMERICAN AIRLINES<\/h2>\n<p><img loading=\"lazy\" decoding=\"async\" src=\"https:\/\/daherarquitectos.com\/wp-content\/uploads\/2023\/11\/SEPARADOR01.png\" width=\"39\" height=\"4\" alt=\"\" class=\"wp-image-60 alignnone size-full\" \/><\/p>\n<p>[\/et_pb_text][et_pb_text _builder_version=\u00bb4.23.1&#8243; _module_preset=\u00bbdefault\u00bb text_font=\u00bbAbel||||||||\u00bb text_text_color=\u00bb#E02B20&#8243; text_font_size=\u00bb12px\u00bb text_letter_spacing=\u00bb6px\u00bb header_2_font=\u00bb|||on|||||\u00bb header_2_text_color=\u00bb#FFFFFF\u00bb header_2_font_size=\u00bb13px\u00bb header_2_letter_spacing=\u00bb5px\u00bb header_2_line_height=\u00bb1.4em\u00bb custom_margin=\u00bb||28px|||\u00bb hover_enabled=\u00bb0&#8243; global_colors_info=\u00bb{}\u00bb sticky_enabled=\u00bb0&#8243;]<\/p>\n<h2>Remodelaci\u00f3n &#8211; Proyecto y Construcci\u00f3n.<\/h2>\n<p>[\/et_pb_text][et_pb_text _builder_version=\u00bb4.23.1&#8243; _module_preset=\u00bbdefault\u00bb text_font=\u00bbAbel||||||||\u00bb text_text_color=\u00bb#E02B20&#8243; text_font_size=\u00bb12px\u00bb text_letter_spacing=\u00bb6px\u00bb header_2_font=\u00bb|||on|||||\u00bb header_2_text_color=\u00bb#FFFFFF\u00bb header_2_font_size=\u00bb12px\u00bb header_2_letter_spacing=\u00bb5px\u00bb header_2_line_height=\u00bb1.4em\u00bb custom_padding=\u00bb||0px|||\u00bb global_colors_info=\u00bb{}\u00bb]<\/p>\n<p>UBICACI\u00d3N<\/p>\n<h2>CDMX<\/h2>\n<p>[\/et_pb_text][\/et_pb_column][\/et_pb_row][et_pb_row _builder_version=\u00bb4.23.1&#8243; _module_preset=\u00bbdefault\u00bb custom_padding=\u00bb17px|||||\u00bb global_colors_info=\u00bb{}\u00bb][et_pb_column type=\u00bb4_4&#8243; _builder_version=\u00bb4.23.1&#8243; _module_preset=\u00bbdefault\u00bb global_colors_info=\u00bb{}\u00bb][et_pb_divider color=\u00bb#FFFFFF\u00bb _builder_version=\u00bb4.23.1&#8243; _module_preset=\u00bbdefault\u00bb custom_margin=\u00bb||20px|||\u00bb global_colors_info=\u00bb{}\u00bb][\/et_pb_divider][et_pb_image src=\u00bbhttps:\/\/daherarquitectos.com\/wp-content\/uploads\/2024\/01\/BOTON-BACK-MENU-PROYECTOS_.png\u00bb title_text=\u00bbBOTON BACK MENU PROYECTOS_\u00bb url=\u00bb@ET-DC@eyJkeW5hbWljIjp0cnVlLCJjb250ZW50IjoicG9zdF9saW5rX3VybF9wYWdlIiwic2V0dGluZ3MiOnsicG9zdF9pZCI6IjE1NyJ9fQ==@\u00bb _builder_version=\u00bb4.23.1&#8243; _dynamic_attributes=\u00bburl\u00bb _module_preset=\u00bbdefault\u00bb custom_margin=\u00bb-7px|||||\u00bb global_colors_info=\u00bb{}\u00bb][\/et_pb_image][\/et_pb_column][\/et_pb_row][\/et_pb_section]<\/p>\n","protected":false},"excerpt":{"rendered":"<p>CLIENTE AMERICAN AIRLINES Remodelaci\u00f3n &#8211; Proyecto y Construcci\u00f3n.UBICACI\u00d3N CDMX<\/p>\n","protected":false},"author":1,"featured_media":0,"parent":0,"menu_order":0,"comment_status":"closed","ping_status":"closed","template":"","meta":{"_et_pb_use_builder":"on","_et_pb_old_content":"","_et_gb_content_width":"","footnotes":""},"class_list":["post-275","page","type-page","status-publish","hentry"],"_links":{"self":[{"href":"https:\/\/daherarquitectos.com\/index.php?rest_route=\/wp\/v2\/pages\/275","targetHints":{"allow":["GET"]}}],"collection":[{"href":"https:\/\/daherarquitectos.com\/index.php?rest_route=\/wp\/v2\/pages"}],"about":[{"href":"https:\/\/daherarquitectos.com\/index.php?rest_route=\/wp\/v2\/types\/page"}],"author":[{"embeddable":true,"href":"https:\/\/daherarquitectos.com\/index.php?rest_route=\/wp\/v2\/users\/1"}],"replies":[{"embeddable":true,"href":"https:\/\/daherarquitectos.com\/index.php?rest_route=%2Fwp%2Fv2%2Fcomments&post=275"}],"version-history":[{"count":8,"href":"https:\/\/daherarquitectos.com\/index.php?rest_route=\/wp\/v2\/pages\/275\/revisions"}],"predecessor-version":[{"id":573,"href":"https:\/\/daherarquitectos.com\/index.php?rest_route=\/wp\/v2\/pages\/275\/revisions\/573"}],"wp:attachment":[{"href":"https:\/\/daherarquitectos.com\/index.php?rest_route=%2Fwp%2Fv2%2Fmedia&parent=275"}],"curies":[{"name":"wp","href":"https:\/\/api.w.org\/{rel}","templated":true}]}}